{"id":1025,"date":"2019-01-12T19:59:52","date_gmt":"2019-01-12T18:59:52","guid":{"rendered":"http:\/\/www.tfg66.ch\/?page_id=1025"},"modified":"2025-01-19T18:11:44","modified_gmt":"2025-01-19T17:11:44","slug":"jahresprogramm","status":"publish","type":"page","link":"https:\/\/www.tfg66.ch\/?page_id=1025","title":{"rendered":"Jahresprogramm"},"content":{"rendered":"\n<p><\/p>\n\n\n\n<p>Wir treffen uns mit grosser Regelm\u00e4ssigkeit am Freitagabend um 19 Uhr an unserer F\u00fcllstation  in der Chogenaustrasse gegen\u00fcber der Badi Goldach. Anschliessend gehen wir an einem der Tauchpl\u00e4tze in der N\u00e4he unter Wasser. Dekobier gibt es ab ca. 20.30 in der Traffic Bar oder selbst organisiert. <\/p>\n\n\n\n<p>Weitere Tauchg\u00e4nge finden tags\u00fcber unter der Woche oder am Wochenende nach individueller Absprache z.B. im Walensee statt.<\/p>\n\n\n\n<p>Die Koordination erfolgt \u00fcber einen Whatsapp-Chat. Meldet euch, dann seid ihr hier dabei. <\/p>\n\n\n\n<p>Kontakt: <a href=\"mailto:info@tfg66.ch\">info@tfg66.ch<\/a><\/p>\n\n\n\n<p>Zus\u00e4tzlich unternehmen wir Vereinsausfl\u00fcge und Tauchferien. Geplante Anl\u00e4sse werden hier  angek\u00fcndigt.   <\/p>\n\n\n\n<p>Ansichten der F\u00fcllstation sind <a href=\"http:\/\/tcnapoleon.ch\/wp-content\/uploads\/2015\/10\/Kroki.pdf\" target=\"_blank\" rel=\"noreferrer noopener\">hier<\/a>&nbsp;verlinkt.<\/p>\n\n\n\n<div id=\"wpgmza_map_1\" class=\"wpgmza_map wpgmza-auto-left\" style=\"display:block;width:100\\%;height:400px;overflow:hidden;position:relative;\" data-map-id=\"1\" data-maps-engine=\"google-maps\" data-build-engine=\"atlas-novus\" data-shortcode-attributes=\"{&quot;id&quot;:&quot;1&quot;,&quot;zoom&quot;:false,&quot;width&quot;:false,&quot;height&quot;:false,&quot;marker&quot;:false,&quot;classname&quot;:false}\" data-settings=\"{&quot;map_title&quot;:&quot;F\\u00fcllstation&quot;,&quot;map_width&quot;:&quot;100&quot;,&quot;map_height&quot;:&quot;400&quot;,&quot;map_start_lat&quot;:&quot;47.487491&quot;,&quot;map_start_lng&quot;:&quot;9.472252&quot;,&quot;map_start_location&quot;:&quot;47.487491,9.472252000000026&quot;,&quot;map_start_zoom&quot;:&quot;17&quot;,&quot;default_marker&quot;:&quot;0&quot;,&quot;type&quot;:&quot;3&quot;,&quot;alignment&quot;:&quot;1&quot;,&quot;directions_enabled&quot;:&quot;1&quot;,&quot;styling_enabled&quot;:&quot;0&quot;,&quot;styling_json&quot;:&quot;&quot;,&quot;active&quot;:&quot;0&quot;,&quot;kml&quot;:&quot;&quot;,&quot;bicycle&quot;:&quot;0&quot;,&quot;traffic&quot;:&quot;0&quot;,&quot;dbox&quot;:&quot;1&quot;,&quot;dbox_width&quot;:&quot;100&quot;,&quot;listmarkers&quot;:&quot;0&quot;,&quot;listmarkers_advanced&quot;:&quot;0&quot;,&quot;filterbycat&quot;:&quot;0&quot;,&quot;ugm_enabled&quot;:&quot;0&quot;,&quot;ugm_category_enabled&quot;:&quot;0&quot;,&quot;fusion&quot;:&quot;&quot;,&quot;map_width_type&quot;:&quot;\\\\%&quot;,&quot;map_height_type&quot;:&quot;px&quot;,&quot;mass_marker_support&quot;:&quot;1&quot;,&quot;ugm_access&quot;:&quot;0&quot;,&quot;order_markers_by&quot;:&quot;1&quot;,&quot;order_markers_choice&quot;:&quot;2&quot;,&quot;show_user_location&quot;:&quot;0&quot;,&quot;default_to&quot;:&quot;&quot;,&quot;store_locator_enabled&quot;:2,&quot;store_locator_distance&quot;:2,&quot;store_locator_default_radius&quot;:10,&quot;store_locator_not_found_message&quot;:&quot;No results found in this location. Please try again.&quot;,&quot;store_locator_bounce&quot;:1,&quot;store_locator_query_string&quot;:&quot;ZIP \\\/ Address:&quot;,&quot;store_locator_default_address&quot;:&quot;&quot;,&quot;wpgmza_store_locator_restrict&quot;:&quot;&quot;,&quot;store_locator_style&quot;:&quot;modern&quot;,&quot;wpgmza_store_locator_radius_style&quot;:&quot;modern&quot;,&quot;map_max_zoom&quot;:&quot;1&quot;,&quot;transport_layer&quot;:0,&quot;wpgmza_theme_data&quot;:&quot;&quot;,&quot;wpgmza_show_points_of_interest&quot;:0,&quot;wpgmza_auto_night&quot;:0,&quot;id&quot;:1}\" ><\/div>\n","protected":false},"excerpt":{"rendered":"<p>Wir treffen uns mit grosser Regelm\u00e4ssigkeit am Freitagabend um 19 Uhr an unserer F\u00fcllstation in der Chogenaustrasse gegen\u00fcber der Badi Goldach. Anschliessend gehen wir an einem der Tauchpl\u00e4tze in der N\u00e4he unter Wasser. Dekobier gibt es ab ca. 20.30 in der Traffic Bar oder selbst organisiert. Weitere Tauchg\u00e4nge finden tags\u00fcber unter der Woche oder am &hellip; <\/p>\n<p class=\"link-more\"><a href=\"https:\/\/www.tfg66.ch\/?page_id=1025\" class=\"more-link\"><span class=\"screen-reader-text\">\u201eJahresprogramm\u201c <\/span>weiterlesen<\/a><\/p>\n","protected":false},"author":1,"featured_media":0,"parent":0,"menu_order":0,"comment_status":"closed","ping_status":"closed","template":"","meta":{"ngg_post_thumbnail":0,"footnotes":""},"class_list":["post-1025","page","type-page","status-publish","hentry"],"_links":{"self":[{"href":"https:\/\/www.tfg66.ch\/index.php?rest_route=\/wp\/v2\/pages\/1025","targetHints":{"allow":["GET"]}}],"collection":[{"href":"https:\/\/www.tfg66.ch\/index.php?rest_route=\/wp\/v2\/pages"}],"about":[{"href":"https:\/\/www.tfg66.ch\/index.php?rest_route=\/wp\/v2\/types\/page"}],"author":[{"embeddable":true,"href":"https:\/\/www.tfg66.ch\/index.php?rest_route=\/wp\/v2\/users\/1"}],"replies":[{"embeddable":true,"href":"https:\/\/www.tfg66.ch\/index.php?rest_route=%2Fwp%2Fv2%2Fcomments&post=1025"}],"version-history":[{"count":56,"href":"https:\/\/www.tfg66.ch\/index.php?rest_route=\/wp\/v2\/pages\/1025\/revisions"}],"predecessor-version":[{"id":1612,"href":"https:\/\/www.tfg66.ch\/index.php?rest_route=\/wp\/v2\/pages\/1025\/revisions\/1612"}],"wp:attachment":[{"href":"https:\/\/www.tfg66.ch\/index.php?rest_route=%2Fwp%2Fv2%2Fmedia&parent=1025"}],"curies":[{"name":"wp","href":"https:\/\/api.w.org\/{rel}","templated":true}]}}