{"id":1038,"date":"2019-01-10T22:42:06","date_gmt":"2019-01-10T21:42:06","guid":{"rendered":"http:\/\/www.tfg66.ch\/?page_id=1038"},"modified":"2019-12-03T18:26:38","modified_gmt":"2019-12-03T17:26:38","slug":"2018-2","status":"publish","type":"page","link":"https:\/\/www.tfg66.ch\/?page_id=1038","title":{"rendered":"2018 Elba"},"content":{"rendered":"\n<h1 class=\"wp-block-heading\">Elba in Oktober 2018<\/h1>\n\n\n\n<p>In unserem gem\u00fctlichen, einfachen H\u00fcsli zwischen Capoliveri und der Madonna de le Gracie genie\u00dfen wir eine Woche hier auf der Insel Elba. Sonntag morgen haben wir noch die unendlichen Weiten des Mittelmeers auf der Suche nach Fonza au\u00dfen erforscht. Die folgenden Tauchg\u00e4nge liefen dann perfekt im gebrieften Areal.&nbsp;<\/p>\n\n\n\n<p>Weitere Bilder finden sich&nbsp;<a href=\"https:\/\/www.tfg66.ch\/?page_id=658\">hier<\/a>.<\/p>\n\n\n\n<figure class=\"wp-block-image\"><img decoding=\"async\" src=\"http:\/\/tfg66.hechtackersg.ch\/fileadmin\/_processed_\/csm_P1020123_cf3fe5803d.jpg\" alt=\"\"\/><\/figure>\n\n\n\n<figure class=\"wp-block-image\"><img decoding=\"async\" src=\"http:\/\/tfg66.hechtackersg.ch\/fileadmin\/_processed_\/csm_CE946881-D4FC-471B-A9CE-43BA0153613E_66f6035dd1.jpg\" alt=\"\"\/><\/figure>\n\n\n\n<p>Nach dem Regen kommt der Sonnenschein.<\/p>\n\n\n\n<figure class=\"wp-block-image\"><img decoding=\"async\" src=\"http:\/\/tfg66.hechtackersg.ch\/fileadmin\/_processed_\/csm_DFAEA089-F1C4-4CB2-8990-14E25A8AF9C1_c7cce5b596.jpg\" alt=\"\"\/><\/figure>\n\n\n\n<figure class=\"wp-block-image\"><img decoding=\"async\" src=\"http:\/\/tfg66.hechtackersg.ch\/fileadmin\/_processed_\/csm_ACCD08EF-0C2B-4F11-B5B6-9D7F7F6AF014_9338fbe29f.jpg\" alt=\"\"\/><\/figure>\n\n\n\n<figure class=\"wp-block-image\"><img decoding=\"async\" src=\"http:\/\/tfg66.hechtackersg.ch\/fileadmin\/_processed_\/csm_B97521C2-49AF-4FDB-9A7C-022EE4952A81_fe53fb51bc.jpg\" alt=\"\"\/><\/figure>\n\n\n\n<p>Weitgehende Tauchg\u00e4nge&#8230;.<\/p>\n\n\n\n<figure class=\"wp-block-image\"><img decoding=\"async\" src=\"http:\/\/tfg66.hechtackersg.ch\/fileadmin\/_processed_\/csm_Drachernknopf_5e2bc6e154.png\" alt=\"\"\/><\/figure>\n\n\n\n<figure class=\"wp-block-image\"><img decoding=\"async\" src=\"http:\/\/tfg66.hechtackersg.ch\/fileadmin\/_processed_\/csm_GOPR2028_a191a70003.jpg\" alt=\"\"\/><\/figure>\n\n\n\n<figure class=\"wp-block-image\"><img decoding=\"async\" src=\"http:\/\/tfg66.hechtackersg.ch\/fileadmin\/_processed_\/csm_GOPR2087_6c4596dcd5.jpg\" alt=\"\"\/><\/figure>\n\n\n\n<figure class=\"wp-block-image\"><img decoding=\"async\" src=\"http:\/\/tfg66.hechtackersg.ch\/fileadmin\/_processed_\/csm_GOPR1981_79b959ae9f.jpg\" alt=\"\"\/><\/figure>\n\n\n\n<p>Und auch sonst geht es uns gut!<\/p>\n\n\n\n<figure class=\"wp-block-image\"><img decoding=\"async\" src=\"http:\/\/tfg66.hechtackersg.ch\/fileadmin\/_processed_\/csm_55E48676-3778-4693-A7A2-CD54A6EEE922_863ada2d81.jpg\" alt=\"\"\/><\/figure>\n\n\n\n<figure class=\"wp-block-image\"><img decoding=\"async\" src=\"http:\/\/tfg66.hechtackersg.ch\/fileadmin\/_processed_\/csm_99AED720-92E3-4603-8668-8FCDA4B6073F_3a30fd6886.jpg\" alt=\"\"\/><\/figure>\n\n\n\n<figure class=\"wp-block-image\"><img decoding=\"async\" src=\"http:\/\/tfg66.hechtackersg.ch\/fileadmin\/_processed_\/csm_EC73C46D-1EC7-49B2-AD6C-6D3275B82C4B_ceead05dbd.jpg\" alt=\"\"\/><\/figure>\n\n\n\n<figure class=\"wp-block-image\"><img decoding=\"async\" src=\"http:\/\/tfg66.hechtackersg.ch\/fileadmin\/_processed_\/csm_FF411789-F279-40B8-99E9-BF460DD9BDA9_810438f37d.jpg\" alt=\"\"\/><\/figure>\n\n\n\n<p>Der Absturz&#8230;<\/p>\n\n\n\n<figure class=\"wp-block-image\"><img decoding=\"async\" src=\"http:\/\/tfg66.hechtackersg.ch\/fileadmin\/_processed_\/csm_2063E588-9B75-42F6-B469-56D3DD9D7EF7_3ea7f1f764.jpg\" alt=\"\"\/><\/figure>\n\n\n\n<p>Warum Laufen, wenn man unter Wasser fliegen kann!<\/p>\n\n\n\n<figure class=\"wp-block-image\"><img decoding=\"async\" src=\"http:\/\/tfg66.hechtackersg.ch\/fileadmin\/_processed_\/csm_unterwasserflieg3_858ade6927.jpg\" alt=\"\"\/><\/figure>\n\n\n\n<figure class=\"wp-block-image\"><img decoding=\"async\" src=\"http:\/\/tfg66.hechtackersg.ch\/fileadmin\/_processed_\/csm_unterwasserflieg4_46b02dfff6.jpg\" alt=\"\"\/><\/figure>\n\n\n\n<figure class=\"wp-block-image\"><img decoding=\"async\" src=\"http:\/\/tfg66.hechtackersg.ch\/fileadmin\/_processed_\/csm_unterwasserflieg_077532c648.jpg\" alt=\"\"\/><\/figure>\n\n\n\n<figure class=\"wp-block-image\"><img decoding=\"async\" src=\"http:\/\/tfg66.hechtackersg.ch\/fileadmin\/_processed_\/csm_unterwasserflieg-2_a08cbdb682.jpg\" alt=\"\"\/><\/figure>\n\n\n\n<p>und alle:<\/p>\n\n\n\n<figure class=\"wp-block-image\"><a href=\"http:\/\/tfg66.hechtackersg.ch\/fileadmin\/_processed_\/csm_unterwasserflieg5_918dfd62b1.jpg\"><img decoding=\"async\" src=\"http:\/\/tfg66.hechtackersg.ch\/fileadmin\/_processed_\/csm_unterwasserflieg5_918dfd62b1.jpg\" alt=\"\"\/><\/a><\/figure>\n","protected":false},"excerpt":{"rendered":"<p>Elba in Oktober 2018 In unserem gem\u00fctlichen, einfachen H\u00fcsli zwischen Capoliveri und der Madonna de le Gracie genie\u00dfen wir eine Woche hier auf der Insel Elba. Sonntag morgen haben wir noch die unendlichen Weiten des Mittelmeers auf der Suche nach Fonza au\u00dfen erforscht. Die folgenden Tauchg\u00e4nge liefen dann perfekt im gebrieften Areal.&nbsp; Weitere Bilder finden &hellip; <\/p>\n<p class=\"link-more\"><a href=\"https:\/\/www.tfg66.ch\/?page_id=1038\" class=\"more-link\"><span class=\"screen-reader-text\">\u201e2018 Elba\u201c <\/span>weiterlesen<\/a><\/p>\n","protected":false},"author":1,"featured_media":0,"parent":0,"menu_order":0,"comment_status":"closed","ping_status":"closed","template":"","meta":{"ngg_post_thumbnail":0,"footnotes":""},"class_list":["post-1038","page","type-page","status-publish","hentry"],"_links":{"self":[{"href":"https:\/\/www.tfg66.ch\/index.php?rest_route=\/wp\/v2\/pages\/1038","targetHints":{"allow":["GET"]}}],"collection":[{"href":"https:\/\/www.tfg66.ch\/index.php?rest_route=\/wp\/v2\/pages"}],"about":[{"href":"https:\/\/www.tfg66.ch\/index.php?rest_route=\/wp\/v2\/types\/page"}],"author":[{"embeddable":true,"href":"https:\/\/www.tfg66.ch\/index.php?rest_route=\/wp\/v2\/users\/1"}],"replies":[{"embeddable":true,"href":"https:\/\/www.tfg66.ch\/index.php?rest_route=%2Fwp%2Fv2%2Fcomments&post=1038"}],"version-history":[{"count":12,"href":"https:\/\/www.tfg66.ch\/index.php?rest_route=\/wp\/v2\/pages\/1038\/revisions"}],"predecessor-version":[{"id":1156,"href":"https:\/\/www.tfg66.ch\/index.php?rest_route=\/wp\/v2\/pages\/1038\/revisions\/1156"}],"wp:attachment":[{"href":"https:\/\/www.tfg66.ch\/index.php?rest_route=%2Fwp%2Fv2%2Fmedia&parent=1038"}],"curies":[{"name":"wp","href":"https:\/\/api.w.org\/{rel}","templated":true}]}}