{"id":1076,"date":"2019-01-10T23:12:39","date_gmt":"2019-01-10T22:12:39","guid":{"rendered":"http:\/\/www.tfg66.ch\/?page_id=1076"},"modified":"2026-02-03T06:17:08","modified_gmt":"2026-02-03T05:17:08","slug":"tfg-mitglieder","status":"publish","type":"page","link":"https:\/\/www.tfg66.ch\/?page_id=1076","title":{"rendered":"TFG Vorstand"},"content":{"rendered":"\n<p><strong>Vorstand der TFG66<\/strong><\/p>\n\n\n\n<p>Alberto Pedemonte, Pr\u00e4sident<\/p>\n\n\n\n<p>Peter K\u00f6lsch, Vizepr\u00e4sident<\/p>\n\n\n\n<p>Brigitte M\u00fcller, Kassierin<\/p>\n\n\n\n<p>Stefan Jann, Technischer Leiter<\/p>\n\n\n\n<p>Thomas B\u00fccking, Aktuariat und Internet<\/p>\n\n\n\n<p>Kontakt: <a href=\"mailto:info@tfg66.ch\">info@tfg66.ch<\/a><\/p>\n","protected":false},"excerpt":{"rendered":"<p>Vorstand der TFG66 Alberto Pedemonte, Pr\u00e4sident Peter K\u00f6lsch, Vizepr\u00e4sident Brigitte M\u00fcller, Kassierin Stefan Jann, Technischer Leiter Thomas B\u00fccking, Aktuariat und Internet Kontakt: info@tfg66.ch<\/p>\n","protected":false},"author":1,"featured_media":0,"parent":0,"menu_order":0,"comment_status":"closed","ping_status":"closed","template":"","meta":{"ngg_post_thumbnail":0,"footnotes":""},"class_list":["post-1076","page","type-page","status-publish","hentry"],"_links":{"self":[{"href":"https:\/\/www.tfg66.ch\/index.php?rest_route=\/wp\/v2\/pages\/1076","targetHints":{"allow":["GET"]}}],"collection":[{"href":"https:\/\/www.tfg66.ch\/index.php?rest_route=\/wp\/v2\/pages"}],"about":[{"href":"https:\/\/www.tfg66.ch\/index.php?rest_route=\/wp\/v2\/types\/page"}],"author":[{"embeddable":true,"href":"https:\/\/www.tfg66.ch\/index.php?rest_route=\/wp\/v2\/users\/1"}],"replies":[{"embeddable":true,"href":"https:\/\/www.tfg66.ch\/index.php?rest_route=%2Fwp%2Fv2%2Fcomments&post=1076"}],"version-history":[{"count":10,"href":"https:\/\/www.tfg66.ch\/index.php?rest_route=\/wp\/v2\/pages\/1076\/revisions"}],"predecessor-version":[{"id":1716,"href":"https:\/\/www.tfg66.ch\/index.php?rest_route=\/wp\/v2\/pages\/1076\/revisions\/1716"}],"wp:attachment":[{"href":"https:\/\/www.tfg66.ch\/index.php?rest_route=%2Fwp%2Fv2%2Fmedia&parent=1076"}],"curies":[{"name":"wp","href":"https:\/\/api.w.org\/{rel}","templated":true}]}}