{"id":12,"date":"2018-11-26T21:38:45","date_gmt":"2018-11-26T21:38:45","guid":{"rendered":"http:\/\/www.tfg66.ch\/?page_id=12"},"modified":"2020-02-01T14:29:46","modified_gmt":"2020-02-01T13:29:46","slug":"anlaesse","status":"publish","type":"page","link":"https:\/\/www.tfg66.ch\/?page_id=12","title":{"rendered":"Aktivit\u00e4ten"},"content":{"rendered":"<p class=\"bodytext\">Wir f\u00fchren ganzj\u00e4hrig jeweils Freitags ein Training in den ostschweizerischen Gew\u00e4ssern durch. Daneben werden im&nbsp;<a href=\"http:\/\/www.tfg66.ch\/?page_id=1025\">Jahresprogramm<\/a> verschiedene Aktivit\u00e4ten, z.B. Spezialkurse oder Ausfl\u00fcge, angeboten. Aus- und Weiterbildungen erfolgen clubintern. Damit uns nie die Luft ausgeht, betreiben wir zusammen mit dem Tauchclub Napoleon eine&nbsp;<a href=\"https:\/\/www.tfg66.ch\/?page_id=92\">F\u00fcllstation<\/a> im gegen\u00fcber der Badi&nbsp; Goldach.<\/p>\n<p>Zudem besuchen wir regelm\u00e4ssig auch weiter entfernte Gew\u00e4sser. zum Beispiel das<br><strong>D-Loch<\/strong><\/p>\n\n\n<figure class=\"wp-block-gallery columns-3 is-cropped wp-block-gallery-1 is-layout-flex wp-block-gallery-is-layout-flex\"><ul class=\"blocks-gallery-grid\"><li class=\"blocks-gallery-item\"><figure><img loading=\"lazy\" decoding=\"async\" width=\"1024\" height=\"768\" src=\"http:\/\/www.tfg66.ch\/wp-content\/uploads\/2018\/12\/2017-10-14-12.38.42-512-IMG_4653-1024x768.jpg\" alt=\"\" data-id=\"979\" data-link=\"http:\/\/www.tfg66.ch\/?attachment_id=979\" class=\"wp-image-979\" srcset=\"https:\/\/www.tfg66.ch\/wp-content\/uploads\/2018\/12\/2017-10-14-12.38.42-512-IMG_4653-1024x768.jpg 1024w, https:\/\/www.tfg66.ch\/wp-content\/uploads\/2018\/12\/2017-10-14-12.38.42-512-IMG_4653-300x225.jpg 300w, https:\/\/www.tfg66.ch\/wp-content\/uploads\/2018\/12\/2017-10-14-12.38.42-512-IMG_4653-768x576.jpg 768w, https:\/\/www.tfg66.ch\/wp-content\/uploads\/2018\/12\/2017-10-14-12.38.42-512-IMG_4653.jpg 2000w\" sizes=\"auto, (max-width: 767px) 89vw, (max-width: 1000px) 54vw, (max-width: 1071px) 543px, 580px\" \/><\/figure><\/li><li class=\"blocks-gallery-item\"><figure><img loading=\"lazy\" decoding=\"async\" width=\"1024\" height=\"768\" src=\"http:\/\/www.tfg66.ch\/wp-content\/uploads\/2018\/12\/IMG_4355-1024x768.jpg\" alt=\"\" data-id=\"980\" data-link=\"http:\/\/www.tfg66.ch\/?attachment_id=980\" class=\"wp-image-980\" srcset=\"https:\/\/www.tfg66.ch\/wp-content\/uploads\/2018\/12\/IMG_4355-1024x768.jpg 1024w, https:\/\/www.tfg66.ch\/wp-content\/uploads\/2018\/12\/IMG_4355-300x225.jpg 300w, https:\/\/www.tfg66.ch\/wp-content\/uploads\/2018\/12\/IMG_4355-768x576.jpg 768w, https:\/\/www.tfg66.ch\/wp-content\/uploads\/2018\/12\/IMG_4355.jpg 2000w\" sizes=\"auto, (max-width: 767px) 89vw, (max-width: 1000px) 54vw, (max-width: 1071px) 543px, 580px\" \/><\/figure><\/li><li class=\"blocks-gallery-item\"><figure><img loading=\"lazy\" decoding=\"async\" width=\"1024\" height=\"768\" src=\"http:\/\/www.tfg66.ch\/wp-content\/uploads\/2018\/12\/IMG_4399-1024x768.jpg\" alt=\"\" data-id=\"981\" data-link=\"http:\/\/www.tfg66.ch\/?attachment_id=981\" class=\"wp-image-981\" srcset=\"https:\/\/www.tfg66.ch\/wp-content\/uploads\/2018\/12\/IMG_4399-1024x768.jpg 1024w, https:\/\/www.tfg66.ch\/wp-content\/uploads\/2018\/12\/IMG_4399-300x225.jpg 300w, https:\/\/www.tfg66.ch\/wp-content\/uploads\/2018\/12\/IMG_4399-768x576.jpg 768w, https:\/\/www.tfg66.ch\/wp-content\/uploads\/2018\/12\/IMG_4399.jpg 2000w\" sizes=\"auto, (max-width: 767px) 89vw, (max-width: 1000px) 54vw, (max-width: 1071px) 543px, 580px\" \/><\/figure><\/li><li class=\"blocks-gallery-item\"><figure><img loading=\"lazy\" decoding=\"async\" width=\"1024\" height=\"768\" src=\"http:\/\/www.tfg66.ch\/wp-content\/uploads\/2018\/12\/IMG_4494-1024x768.jpg\" alt=\"\" data-id=\"983\" data-link=\"http:\/\/www.tfg66.ch\/?attachment_id=983\" class=\"wp-image-983\" srcset=\"https:\/\/www.tfg66.ch\/wp-content\/uploads\/2018\/12\/IMG_4494-1024x768.jpg 1024w, https:\/\/www.tfg66.ch\/wp-content\/uploads\/2018\/12\/IMG_4494-300x225.jpg 300w, https:\/\/www.tfg66.ch\/wp-content\/uploads\/2018\/12\/IMG_4494-768x576.jpg 768w, https:\/\/www.tfg66.ch\/wp-content\/uploads\/2018\/12\/IMG_4494.jpg 2000w\" sizes=\"auto, (max-width: 767px) 89vw, (max-width: 1000px) 54vw, (max-width: 1071px) 543px, 580px\" \/><\/figure><\/li><li class=\"blocks-gallery-item\"><figure><img loading=\"lazy\" decoding=\"async\" width=\"1024\" height=\"768\" src=\"http:\/\/www.tfg66.ch\/wp-content\/uploads\/2018\/12\/IMG_4413-1024x768.jpg\" alt=\"\" data-id=\"984\" data-link=\"http:\/\/www.tfg66.ch\/?attachment_id=984\" class=\"wp-image-984\" srcset=\"https:\/\/www.tfg66.ch\/wp-content\/uploads\/2018\/12\/IMG_4413-1024x768.jpg 1024w, https:\/\/www.tfg66.ch\/wp-content\/uploads\/2018\/12\/IMG_4413-300x225.jpg 300w, https:\/\/www.tfg66.ch\/wp-content\/uploads\/2018\/12\/IMG_4413-768x576.jpg 768w, https:\/\/www.tfg66.ch\/wp-content\/uploads\/2018\/12\/IMG_4413.jpg 2000w\" sizes=\"auto, (max-width: 767px) 89vw, (max-width: 1000px) 54vw, (max-width: 1071px) 543px, 580px\" \/><\/figure><\/li><li class=\"blocks-gallery-item\"><figure><img loading=\"lazy\" decoding=\"async\" width=\"1024\" height=\"768\" src=\"http:\/\/www.tfg66.ch\/wp-content\/uploads\/2018\/12\/IMG_4429-1024x768.jpg\" alt=\"\" data-id=\"985\" data-link=\"http:\/\/www.tfg66.ch\/?attachment_id=985\" class=\"wp-image-985\" srcset=\"https:\/\/www.tfg66.ch\/wp-content\/uploads\/2018\/12\/IMG_4429-1024x768.jpg 1024w, https:\/\/www.tfg66.ch\/wp-content\/uploads\/2018\/12\/IMG_4429-300x225.jpg 300w, https:\/\/www.tfg66.ch\/wp-content\/uploads\/2018\/12\/IMG_4429-768x576.jpg 768w, https:\/\/www.tfg66.ch\/wp-content\/uploads\/2018\/12\/IMG_4429.jpg 2000w\" sizes=\"auto, (max-width: 767px) 89vw, (max-width: 1000px) 54vw, (max-width: 1071px) 543px, 580px\" \/><\/figure><\/li><li class=\"blocks-gallery-item\"><figure><img loading=\"lazy\" decoding=\"async\" width=\"1024\" height=\"768\" src=\"http:\/\/www.tfg66.ch\/wp-content\/uploads\/2018\/12\/IMG_4449-1024x768.jpg\" alt=\"\" data-id=\"986\" data-link=\"http:\/\/www.tfg66.ch\/?attachment_id=986\" class=\"wp-image-986\" srcset=\"https:\/\/www.tfg66.ch\/wp-content\/uploads\/2018\/12\/IMG_4449-1024x768.jpg 1024w, https:\/\/www.tfg66.ch\/wp-content\/uploads\/2018\/12\/IMG_4449-300x225.jpg 300w, https:\/\/www.tfg66.ch\/wp-content\/uploads\/2018\/12\/IMG_4449-768x576.jpg 768w, https:\/\/www.tfg66.ch\/wp-content\/uploads\/2018\/12\/IMG_4449.jpg 2000w\" sizes=\"auto, (max-width: 767px) 89vw, (max-width: 1000px) 54vw, (max-width: 1071px) 543px, 580px\" \/><\/figure><\/li><li class=\"blocks-gallery-item\"><figure><img loading=\"lazy\" decoding=\"async\" width=\"1024\" height=\"768\" src=\"http:\/\/www.tfg66.ch\/wp-content\/uploads\/2018\/12\/IMG_4451-1024x768.jpg\" alt=\"\" data-id=\"987\" data-link=\"http:\/\/www.tfg66.ch\/?attachment_id=987\" class=\"wp-image-987\" srcset=\"https:\/\/www.tfg66.ch\/wp-content\/uploads\/2018\/12\/IMG_4451-1024x768.jpg 1024w, https:\/\/www.tfg66.ch\/wp-content\/uploads\/2018\/12\/IMG_4451-300x225.jpg 300w, https:\/\/www.tfg66.ch\/wp-content\/uploads\/2018\/12\/IMG_4451-768x576.jpg 768w, https:\/\/www.tfg66.ch\/wp-content\/uploads\/2018\/12\/IMG_4451.jpg 2000w\" sizes=\"auto, (max-width: 767px) 89vw, (max-width: 1000px) 54vw, (max-width: 1071px) 543px, 580px\" \/><\/figure><\/li><\/ul><\/figure>\n","protected":false},"excerpt":{"rendered":"<p>Wir f\u00fchren ganzj\u00e4hrig jeweils Freitags ein Training in den ostschweizerischen Gew\u00e4ssern durch. Daneben werden im&nbsp;Jahresprogramm verschiedene Aktivit\u00e4ten, z.B. Spezialkurse oder Ausfl\u00fcge, angeboten. Aus- und Weiterbildungen erfolgen clubintern. Damit uns nie die Luft ausgeht, betreiben wir zusammen mit dem Tauchclub Napoleon eine&nbsp;F\u00fcllstation im gegen\u00fcber der Badi&nbsp; Goldach. Zudem besuchen wir regelm\u00e4ssig auch weiter entfernte Gew\u00e4sser. zum &hellip; <\/p>\n<p class=\"link-more\"><a href=\"https:\/\/www.tfg66.ch\/?page_id=12\" class=\"more-link\"><span class=\"screen-reader-text\">\u201eAktivit\u00e4ten\u201c <\/span>weiterlesen<\/a><\/p>\n","protected":false},"author":1,"featured_media":0,"parent":0,"menu_order":0,"comment_status":"closed","ping_status":"closed","template":"","meta":{"ngg_post_thumbnail":0,"footnotes":""},"class_list":["post-12","page","type-page","status-publish","hentry"],"_links":{"self":[{"href":"https:\/\/www.tfg66.ch\/index.php?rest_route=\/wp\/v2\/pages\/12","targetHints":{"allow":["GET"]}}],"collection":[{"href":"https:\/\/www.tfg66.ch\/index.php?rest_route=\/wp\/v2\/pages"}],"about":[{"href":"https:\/\/www.tfg66.ch\/index.php?rest_route=\/wp\/v2\/types\/page"}],"author":[{"embeddable":true,"href":"https:\/\/www.tfg66.ch\/index.php?rest_route=\/wp\/v2\/users\/1"}],"replies":[{"embeddable":true,"href":"https:\/\/www.tfg66.ch\/index.php?rest_route=%2Fwp%2Fv2%2Fcomments&post=12"}],"version-history":[{"count":15,"href":"https:\/\/www.tfg66.ch\/index.php?rest_route=\/wp\/v2\/pages\/12\/revisions"}],"predecessor-version":[{"id":1226,"href":"https:\/\/www.tfg66.ch\/index.php?rest_route=\/wp\/v2\/pages\/12\/revisions\/1226"}],"wp:attachment":[{"href":"https:\/\/www.tfg66.ch\/index.php?rest_route=%2Fwp%2Fv2%2Fmedia&parent=12"}],"curies":[{"name":"wp","href":"https:\/\/api.w.org\/{rel}","templated":true}]}}