{"id":1274,"date":"2020-09-20T10:41:54","date_gmt":"2020-09-20T08:41:54","guid":{"rendered":"https:\/\/www.tfg66.ch\/?page_id=1274"},"modified":"2025-01-20T12:43:07","modified_gmt":"2025-01-20T11:43:07","slug":"schimmel","status":"publish","type":"page","link":"https:\/\/www.tfg66.ch\/?page_id=1274","title":{"rendered":"Schimmel"},"content":{"rendered":"\n<p><a href=\"https:\/\/www.tfg66.ch\/\">&lt;&lt;&lt;&lt; zur\u00fcck<\/a><\/p>\n\n\n<div class=\"wp-block-image\">\n<figure class=\"aligncenter size-large\"><img loading=\"lazy\" decoding=\"async\" width=\"321\" height=\"465\" src=\"https:\/\/www.tfg66.ch\/wp-content\/uploads\/2020\/09\/Schimmel.jpg\" alt=\"\" class=\"wp-image-1263\" srcset=\"https:\/\/www.tfg66.ch\/wp-content\/uploads\/2020\/09\/Schimmel.jpg 321w, https:\/\/www.tfg66.ch\/wp-content\/uploads\/2020\/09\/Schimmel-207x300.jpg 207w\" sizes=\"auto, (max-width: 321px) 100vw, 321px\" \/><\/figure>\n<\/div>\n\n\n<h2 class=\"wp-block-heading has-text-align-center\">Gebhard Fischer<\/h2>\n\n\n\n<p class=\"has-text-align-center\">11. Januar 1936 &#8211; 6. September 2020<br><\/p>\n\n\n\n<blockquote class=\"wp-block-quote is-layout-flow wp-block-quote-is-layout-flow\">\n<p><em>Lieber Schimmel<\/em><\/p>\n\n\n\n<p><em>Ich hat einen Kameraden \u2013 einen besseren findst Du nicht\u2026. so beginnt die alte Weise von Johann Ludwig Uhland. Du hast mich vor \u00fcber 40 Jahren unter Deine Fittiche genommen und mich behutsam in die aufregende Unterwasserwelt eingef\u00fchrt. Du warst immer bem\u00fcht Deine Erfahrung und Dein Wissen weiterzugeben, hast mich aber auch motiviert meine eigenen Grenzen auszuloten. Daraus wuchs \u00fcber die Zeit ein tiefes Vertrauen und eine wunderbare Freundschaft. Wir h\u00f6rten den Rhythmus der Atemz\u00fcge des andern und wussten intuitiv, dass es ihm gut ging und vertrauten auf uneingeschr\u00e4nkte Hilfe falls Not best\u00fcnde. Trotz beissender K\u00e4lte, pechschwarzer Nacht, nebelverhangener Herrgottsfr\u00fche und widrigem Wellenschlag fr\u00f6nten wir gemeinsam unserem Hobby. Wir erkundeten dabei so manches Gew\u00e4sser, sassen nach dem Tauchen zusammen und fabulierten \u00fcber die Herrlichkeit der Unterwasserwelt. 54 Jahre lang warst Du der Tauch- und Forschungsgruppe 66 ein treues Mitglied, davon 25 Jahre auch ein ehrenvoller Pr\u00e4sident und wie Du immer selbst betont hast: \u201eunsere Mutter ohne Brust\u201c, denn f\u00fcr alle Sorgen und N\u00f6te hattest Du immer ein offenes Ohr, gabst Ratschl\u00e4ge in allen Lebensfragen und so manch eine\/einer weinte sich an Deiner starken Schulter aus. Nach Deinem R\u00fccktritt als Pr\u00e4sident bliebst Du weiterhin der Dreh- und Angelpunkt aller Informationen \u2013 Netzwerken nennt man das heute wohl \u2013 weil Dir so viel an Deinen Freunden lag. Aus den aktiven Zeiten in SUSV und FoFiKo gabst Du uns viele Hinweise, um technische oder clubinterne Fragen zu er\u00f6rtern. Du warst Dir auch nie zu schade, um selbst mitanzupacken und hast damit aus einem einfachen Anlass immer auch ein grosses Fest gemacht. Seit nunmehr zehn Jahren erlaubte Dir Deine Gesundheit leider nicht mehr regelm\u00e4ssig an einem Freitagstauchgang teilzunehmen, dennoch kamst Du zum Dekompressions-Bier oder einfach zu einem Schwatz vorbei. In der letzten Zeit tauschten wir uns dann \u00fcber lange Telefonate zu den Unterwasser-Neuigkeiten aus. Du wolltest immer \u00fcber Tauchpl\u00e4tze, Sichtweiten, Fischsichtungen, Teilnehmer und den neuesten Klatsch sprechen und warst damit in Gedanken wieder voll mit uns dabei. Der Abschied in den letzten Monaten fiel mir sehr schwer, denn Dein Geist war willig, aber Dein K\u00f6rper von der Krankheit sichtlich gezeichnet und die Schmerzen so uns\u00e4glich gross. Zu Deinem letzten Tauchgang im Jahr 2017 durfte ich Dich noch begleiten. Den Tauchgang in eine neue Wirklichkeit hast Du ohne uns angetreten. Ich w\u00fcnsche Dir dazu im Namen all Deiner Tauchfreunde ein letztes Mal: guet Luft und Flosse hoch.<\/em><\/p>\n\n\n\n<p><em>Alberto Pedemonte <\/em><\/p>\n\n\n\n<p><em>Und auch die Taucherinnen und Taucher der TFG66<\/em><\/p>\n<\/blockquote>\n","protected":false},"excerpt":{"rendered":"<p>&lt;&lt;&lt;&lt; zur\u00fcck Gebhard Fischer 11. Januar 1936 &#8211; 6. September 2020 Lieber Schimmel Ich hat einen Kameraden \u2013 einen besseren findst Du nicht\u2026. so beginnt die alte Weise von Johann Ludwig Uhland. Du hast mich vor \u00fcber 40 Jahren unter Deine Fittiche genommen und mich behutsam in die aufregende Unterwasserwelt eingef\u00fchrt. Du warst immer bem\u00fcht &hellip; <\/p>\n<p class=\"link-more\"><a href=\"https:\/\/www.tfg66.ch\/?page_id=1274\" class=\"more-link\"><span class=\"screen-reader-text\">\u201eSchimmel\u201c <\/span>weiterlesen<\/a><\/p>\n","protected":false},"author":6,"featured_media":0,"parent":0,"menu_order":0,"comment_status":"closed","ping_status":"closed","template":"","meta":{"ngg_post_thumbnail":0,"footnotes":""},"class_list":["post-1274","page","type-page","status-publish","hentry"],"_links":{"self":[{"href":"https:\/\/www.tfg66.ch\/index.php?rest_route=\/wp\/v2\/pages\/1274","targetHints":{"allow":["GET"]}}],"collection":[{"href":"https:\/\/www.tfg66.ch\/index.php?rest_route=\/wp\/v2\/pages"}],"about":[{"href":"https:\/\/www.tfg66.ch\/index.php?rest_route=\/wp\/v2\/types\/page"}],"author":[{"embeddable":true,"href":"https:\/\/www.tfg66.ch\/index.php?rest_route=\/wp\/v2\/users\/6"}],"replies":[{"embeddable":true,"href":"https:\/\/www.tfg66.ch\/index.php?rest_route=%2Fwp%2Fv2%2Fcomments&post=1274"}],"version-history":[{"count":3,"href":"https:\/\/www.tfg66.ch\/index.php?rest_route=\/wp\/v2\/pages\/1274\/revisions"}],"predecessor-version":[{"id":1635,"href":"https:\/\/www.tfg66.ch\/index.php?rest_route=\/wp\/v2\/pages\/1274\/revisions\/1635"}],"wp:attachment":[{"href":"https:\/\/www.tfg66.ch\/index.php?rest_route=%2Fwp%2Fv2%2Fmedia&parent=1274"}],"curies":[{"name":"wp","href":"https:\/\/api.w.org\/{rel}","templated":true}]}}