{"id":1719,"date":"2026-02-05T16:18:59","date_gmt":"2026-02-05T15:18:59","guid":{"rendered":"https:\/\/www.tfg66.ch\/?page_id=1719"},"modified":"2026-04-03T12:13:22","modified_gmt":"2026-04-03T10:13:22","slug":"jubilaeum-2026","status":"publish","type":"page","link":"https:\/\/www.tfg66.ch\/?page_id=1719","title":{"rendered":"Jubil\u00e4um 2026"},"content":{"rendered":"\n<p><a href=\"https:\/\/www.tfg66.ch\/\" data-type=\"page\" data-id=\"2\">&lt;&lt;&lt;zur\u00fcck zur Startseite<\/a><\/p>\n\n\n\n<p>Der definitive Termin ist der 27.09.2026<\/p>\n\n\n\n<p>Stand 30.03. 2026 gibt es 19 Anmeldungen. Vielen Dank daf\u00fcr.<br>Weitere Anmeldungen sind via Mail m\u00f6glich.<\/p>\n\n\n\n<p>F\u00fcr die Anmeldung schickt einfach ein Mail an <a href=\"mailto:info@tfg66.ch\">info@tfg66.ch<\/a> oder antwortet auf das Einladungsmail. <br><\/p>\n\n\n\n<figure class=\"wp-block-image size-large\"><img loading=\"lazy\" decoding=\"async\" width=\"712\" height=\"1024\" src=\"https:\/\/www.tfg66.ch\/wp-content\/uploads\/2026\/02\/IMG_0001-712x1024.png\" alt=\"\" class=\"wp-image-1729\" srcset=\"https:\/\/www.tfg66.ch\/wp-content\/uploads\/2026\/02\/IMG_0001-712x1024.png 712w, https:\/\/www.tfg66.ch\/wp-content\/uploads\/2026\/02\/IMG_0001-208x300.png 208w, https:\/\/www.tfg66.ch\/wp-content\/uploads\/2026\/02\/IMG_0001-768x1105.png 768w, https:\/\/www.tfg66.ch\/wp-content\/uploads\/2026\/02\/IMG_0001-1067x1536.png 1067w, https:\/\/www.tfg66.ch\/wp-content\/uploads\/2026\/02\/IMG_0001-1423x2048.png 1423w, https:\/\/www.tfg66.ch\/wp-content\/uploads\/2026\/02\/IMG_0001.png 1640w\" sizes=\"auto, (max-width: 712px) 100vw, 712px\" \/><\/figure>\n\n\n\n<div data-wp-interactive=\"core\/file\" class=\"wp-block-file\"><object data-wp-bind--hidden=\"!state.hasPdfPreview\" hidden class=\"wp-block-file__embed\" data=\"https:\/\/www.tfg66.ch\/wp-content\/uploads\/2026\/02\/Info-Jubilaeum-TFG-66.pdf\" type=\"application\/pdf\" style=\"width:100%;height:600px\" aria-label=\"Einbettung von Info Jubil\u00e4um TFG 66.\"><\/object><a id=\"wp-block-file--media-da35f37d-bbfe-427f-9227-c251e1d1b784\" href=\"https:\/\/www.tfg66.ch\/wp-content\/uploads\/2026\/02\/Info-Jubilaeum-TFG-66.pdf\">Info Jubil\u00e4um TFG 66<\/a><a href=\"https:\/\/www.tfg66.ch\/wp-content\/uploads\/2026\/02\/Info-Jubilaeum-TFG-66.pdf\" class=\"wp-block-file__button wp-element-button\" download aria-describedby=\"wp-block-file--media-da35f37d-bbfe-427f-9227-c251e1d1b784\">Herunterladen<\/a><\/div>\n","protected":false},"excerpt":{"rendered":"<p>&lt;&lt;&lt;zur\u00fcck zur Startseite Der definitive Termin ist der 27.09.2026 Stand 30.03. 2026 gibt es 19 Anmeldungen. Vielen Dank daf\u00fcr.Weitere Anmeldungen sind via Mail m\u00f6glich. F\u00fcr die Anmeldung schickt einfach ein Mail an info@tfg66.ch oder antwortet auf das Einladungsmail.<\/p>\n","protected":false},"author":6,"featured_media":0,"parent":0,"menu_order":0,"comment_status":"closed","ping_status":"closed","template":"","meta":{"ngg_post_thumbnail":0,"footnotes":""},"class_list":["post-1719","page","type-page","status-publish","hentry"],"_links":{"self":[{"href":"https:\/\/www.tfg66.ch\/index.php?rest_route=\/wp\/v2\/pages\/1719","targetHints":{"allow":["GET"]}}],"collection":[{"href":"https:\/\/www.tfg66.ch\/index.php?rest_route=\/wp\/v2\/pages"}],"about":[{"href":"https:\/\/www.tfg66.ch\/index.php?rest_route=\/wp\/v2\/types\/page"}],"author":[{"embeddable":true,"href":"https:\/\/www.tfg66.ch\/index.php?rest_route=\/wp\/v2\/users\/6"}],"replies":[{"embeddable":true,"href":"https:\/\/www.tfg66.ch\/index.php?rest_route=%2Fwp%2Fv2%2Fcomments&post=1719"}],"version-history":[{"count":8,"href":"https:\/\/www.tfg66.ch\/index.php?rest_route=\/wp\/v2\/pages\/1719\/revisions"}],"predecessor-version":[{"id":1802,"href":"https:\/\/www.tfg66.ch\/index.php?rest_route=\/wp\/v2\/pages\/1719\/revisions\/1802"}],"wp:attachment":[{"href":"https:\/\/www.tfg66.ch\/index.php?rest_route=%2Fwp%2Fv2%2Fmedia&parent=1719"}],"curies":[{"name":"wp","href":"https:\/\/api.w.org\/{rel}","templated":true}]}}