{"id":1737,"date":"2026-02-07T14:01:12","date_gmt":"2026-02-07T13:01:12","guid":{"rendered":"https:\/\/www.tfg66.ch\/?page_id=1737"},"modified":"2026-02-15T19:00:54","modified_gmt":"2026-02-15T18:00:54","slug":"fruehlingsputz-im-rietli-14-002-2026","status":"publish","type":"page","link":"https:\/\/www.tfg66.ch\/?page_id=1737","title":{"rendered":"Fr\u00fchlingsputz im Rietli vom 14. Februar 2026"},"content":{"rendered":"\n<p>Das Vorhaben dieses Fr\u00fchlingsputzes bestand darin, die Absperrung der Hafeneinfahrt und weitere Installationen wieder einmal von der invasiven Quaggamuschel zu befreien.<\/p>\n\n\n\n<p>Dazu trafen sich fr\u00fchmorgens \u00fcber 20 TaucherInnen aus verschiedenen Ostschweizer Tauchclubs (Napoleon, Sub Team 76, TC Bodensee, TFG66, Seeteufel-A und nat\u00fcrlich OTC Manta) im Clublokal des OTC Manta, wo Fredi Zgraggen die Einteilung der Arbeitseins\u00e4tze besprach und genaue Anweisungen der Vorgehensweise bekannt gab.<\/p>\n\n\n\n<p>Tauchspots waren prim\u00e4r die 153,50 Meter lange Absperrung der Hafeneinfahrt Rietli mit den Hebekanistern und Bojenr\u00fcttnern, dann aber auch Wracks wie die \u201eSensai\u201c, die Badewannenkuppel mit Fenstern und Kettenaufh\u00e4ngung, Nixe und Nixerich, Surfboard mit Mast und Gabelbaum, Fliegerbombe mit Hebekanistern wie auch tiefer gelegene Objekte wie der Zoo und \u00e4hnliches. Hierbei kamen auch Kreislauftaucher und Scooter zum Einsatz. Mit Spachteln, B\u00fcrsten Pfannenschw\u00e4mmen und auch Stahlwolle wurden die Objekte von den Quaggamuscheln befreit und so gut wie m\u00f6glich wieder auf \u201eHochglanz\u201c poliert.<\/p>\n\n\n\n<p>Nach getaner Arbeit trafen sich alle wieder im Clublokal des OTC Manta, wo sie lukullisch mit einem Szegediner Gulasch mit Sp\u00e4tzle, Salat und Dessert chez Helmi verw\u00f6hnt wurden.<br>Ein grosser Dank geb\u00fchrt allen beteiligten Tauchern aus der Region, aber v.a. nat\u00fcrlich dem Koch Helmi J\u00e4ger und dem grossartigen Organisator dieser perfekt organisierten \u201ePutz\u00e4t\u00e4\u201c Fredi Zgraggen.<\/p>\n\n\n\nngg_shortcode_0_placeholder\n\n\n\n<p><a href=\"https:\/\/www.tfg66.ch\/\" data-type=\"page\" data-id=\"2\">&lt;&lt;&lt;&lt;Zur\u00fcck<\/a><\/p>\n\n\n\n<p><\/p>\n","protected":false},"excerpt":{"rendered":"<p>Das Vorhaben dieses Fr\u00fchlingsputzes bestand darin, die Absperrung der Hafeneinfahrt und weitere Installationen wieder einmal von der invasiven Quaggamuschel zu befreien. Dazu trafen sich fr\u00fchmorgens \u00fcber 20 TaucherInnen aus verschiedenen Ostschweizer Tauchclubs (Napoleon, Sub Team 76, TC Bodensee, TFG66, Seeteufel-A und nat\u00fcrlich OTC Manta) im Clublokal des OTC Manta, wo Fredi Zgraggen die Einteilung der &hellip; <\/p>\n<p class=\"link-more\"><a href=\"https:\/\/www.tfg66.ch\/?page_id=1737\" class=\"more-link\"><span class=\"screen-reader-text\">\u201eFr\u00fchlingsputz im Rietli vom 14. Februar 2026\u201c <\/span>weiterlesen<\/a><\/p>\n","protected":false},"author":6,"featured_media":0,"parent":0,"menu_order":0,"comment_status":"closed","ping_status":"closed","template":"","meta":{"ngg_post_thumbnail":0,"footnotes":""},"class_list":["post-1737","page","type-page","status-publish","hentry"],"_links":{"self":[{"href":"https:\/\/www.tfg66.ch\/index.php?rest_route=\/wp\/v2\/pages\/1737","targetHints":{"allow":["GET"]}}],"collection":[{"href":"https:\/\/www.tfg66.ch\/index.php?rest_route=\/wp\/v2\/pages"}],"about":[{"href":"https:\/\/www.tfg66.ch\/index.php?rest_route=\/wp\/v2\/types\/page"}],"author":[{"embeddable":true,"href":"https:\/\/www.tfg66.ch\/index.php?rest_route=\/wp\/v2\/users\/6"}],"replies":[{"embeddable":true,"href":"https:\/\/www.tfg66.ch\/index.php?rest_route=%2Fwp%2Fv2%2Fcomments&post=1737"}],"version-history":[{"count":4,"href":"https:\/\/www.tfg66.ch\/index.php?rest_route=\/wp\/v2\/pages\/1737\/revisions"}],"predecessor-version":[{"id":1795,"href":"https:\/\/www.tfg66.ch\/index.php?rest_route=\/wp\/v2\/pages\/1737\/revisions\/1795"}],"wp:attachment":[{"href":"https:\/\/www.tfg66.ch\/index.php?rest_route=%2Fwp%2Fv2%2Fmedia&parent=1737"}],"curies":[{"name":"wp","href":"https:\/\/api.w.org\/{rel}","templated":true}]}}