{"id":2,"date":"2018-11-26T19:32:11","date_gmt":"2018-11-26T19:32:11","guid":{"rendered":"http:\/\/www.tfg66.ch\/?page_id=2"},"modified":"2026-04-03T12:14:54","modified_gmt":"2026-04-03T10:14:54","slug":"beispiel-seite","status":"publish","type":"page","link":"https:\/\/www.tfg66.ch\/","title":{"rendered":"Willkommen bei der TFG 66"},"content":{"rendered":"\n<p><strong>Willkommen auf den Internetseiten der Tauch- und Forschungsgruppe 66.<\/strong><\/p>\n\n\n\n<p>Auf dieser und den folgenden Seiten wollen wir unseren kleinen aber feinen Verein und seine Aktivit\u00e4ten vorstellen.<\/p>\n\n\n\n<p><strong>Aktuell: Jubil\u00e4um 60 Jahre TFG66<\/strong>. <a href=\"https:\/\/www.tfg66.ch\/?page_id=1719\" data-type=\"page\" data-id=\"1719\">Bootstauchg\u00e4nge auf dem Vierwaldst\u00e4tter See am 27. September 2026. <\/a><\/p>\n\n\n\n<p>Und sonst: <a href=\"https:\/\/www.tfg66.ch\/?page_id=1737\" data-type=\"page\" data-id=\"1737\">Fr\u00fchlingsputz im Rietli am 14. Februar 2026<\/a><\/p>\n\n\n\n<p><\/p>\n\n\n\n<figure class=\"wp-block-gallery has-nested-images columns-5 is-cropped wp-block-gallery-1 is-layout-flex wp-block-gallery-is-layout-flex\">\n<figure class=\"wp-block-image size-large\"><img loading=\"lazy\" decoding=\"async\" width=\"488\" height=\"434\" data-id=\"1626\" src=\"https:\/\/www.tfg66.ch\/wp-content\/uploads\/2025\/01\/unterwasserflieg.jpg\" alt=\"\" class=\"wp-image-1626\" srcset=\"https:\/\/www.tfg66.ch\/wp-content\/uploads\/2025\/01\/unterwasserflieg.jpg 488w, https:\/\/www.tfg66.ch\/wp-content\/uploads\/2025\/01\/unterwasserflieg-300x267.jpg 300w\" sizes=\"auto, (max-width: 488px) 100vw, 488px\" \/><\/figure>\n\n\n\n<figure class=\"wp-block-image size-large\"><img loading=\"lazy\" decoding=\"async\" width=\"662\" height=\"465\" data-id=\"1627\" src=\"https:\/\/www.tfg66.ch\/wp-content\/uploads\/2025\/01\/unterwasserflieg-2.jpg\" alt=\"\" class=\"wp-image-1627\" srcset=\"https:\/\/www.tfg66.ch\/wp-content\/uploads\/2025\/01\/unterwasserflieg-2.jpg 662w, https:\/\/www.tfg66.ch\/wp-content\/uploads\/2025\/01\/unterwasserflieg-2-300x211.jpg 300w\" sizes=\"auto, (max-width: 662px) 100vw, 662px\" \/><\/figure>\n\n\n\n<figure class=\"wp-block-image size-large\"><img loading=\"lazy\" decoding=\"async\" width=\"503\" height=\"563\" data-id=\"1628\" src=\"https:\/\/www.tfg66.ch\/wp-content\/uploads\/2025\/01\/unterwasserflieg3.jpg\" alt=\"\" class=\"wp-image-1628\" srcset=\"https:\/\/www.tfg66.ch\/wp-content\/uploads\/2025\/01\/unterwasserflieg3.jpg 503w, https:\/\/www.tfg66.ch\/wp-content\/uploads\/2025\/01\/unterwasserflieg3-268x300.jpg 268w\" sizes=\"auto, (max-width: 503px) 100vw, 503px\" \/><\/figure>\n\n\n\n<figure class=\"wp-block-image size-large\"><img loading=\"lazy\" decoding=\"async\" width=\"718\" height=\"637\" data-id=\"1629\" src=\"https:\/\/www.tfg66.ch\/wp-content\/uploads\/2025\/01\/unterwasserflieg4.jpg\" alt=\"\" class=\"wp-image-1629\" srcset=\"https:\/\/www.tfg66.ch\/wp-content\/uploads\/2025\/01\/unterwasserflieg4.jpg 718w, https:\/\/www.tfg66.ch\/wp-content\/uploads\/2025\/01\/unterwasserflieg4-300x266.jpg 300w\" sizes=\"auto, (max-width: 718px) 100vw, 718px\" \/><\/figure>\n\n\n\n<figure class=\"wp-block-image size-large\"><img loading=\"lazy\" decoding=\"async\" width=\"1024\" height=\"593\" data-id=\"1630\" src=\"https:\/\/www.tfg66.ch\/wp-content\/uploads\/2025\/01\/unterwasserflieg5-1024x593.jpg\" alt=\"\" class=\"wp-image-1630\" srcset=\"https:\/\/www.tfg66.ch\/wp-content\/uploads\/2025\/01\/unterwasserflieg5-1024x593.jpg 1024w, https:\/\/www.tfg66.ch\/wp-content\/uploads\/2025\/01\/unterwasserflieg5-300x174.jpg 300w, https:\/\/www.tfg66.ch\/wp-content\/uploads\/2025\/01\/unterwasserflieg5-768x445.jpg 768w, https:\/\/www.tfg66.ch\/wp-content\/uploads\/2025\/01\/unterwasserflieg5.jpg 1068w\" sizes=\"auto, (max-width: 767px) 89vw, (max-width: 1000px) 54vw, (max-width: 1071px) 543px, 580px\" \/><\/figure>\n<\/figure>\n\n\n\n<figure class=\"wp-block-embed is-type-video is-provider-youtube wp-block-embed-youtube wp-embed-aspect-16-9 wp-has-aspect-ratio\"><div class=\"wp-block-embed__wrapper\">\n<iframe loading=\"lazy\" hcb-fetch-image-from=\"https:\/\/youtu.be\/oJKnmRi9y_8?si=y09MP5_DdHnO1Cuk\" title=\"2025 07 | ITA Elba\" width=\"525\" height=\"295\" src=\"https:\/\/www.youtube.com\/embed\/oJKnmRi9y_8?feature=oembed\" frameborder=\"0\" allow=\"accelerometer; autoplay; clipboard-write; encrypted-media; gyroscope; picture-in-picture; web-share\" referrerpolicy=\"strict-origin-when-cross-origin\" allowfullscreen><\/iframe>\n<\/div><\/figure>\n\n\n\n<p>Zu Hauptaugenmerk richtet sich&nbsp;auf unsere regelm\u00e4ssig und ganzj\u00e4hrig durchgef\u00fchrten&nbsp;<a href=\"http:\/\/www.tfg66.ch\/?page_id=12\">Freitagstauchg\u00e4nge<\/a>. Unter der Rubrik&nbsp;<a href=\"http:\/\/www.tfg66.ch\/?page_id=992\">Seetauchen<\/a>&nbsp;finden sich Eindr\u00fccke davon aus dem Bodensee und dem Walensee.&nbsp;<\/p>\n\n\n\n<p>Wer sich nach dem Abtauchen auf unseren Seiten real in die freitagabendlichen Fluten des Bodensees begeben m\u00f6chte, ist herzlich eingeladen, sich mit uns in Verbindung zu setzen. Angesprochen sind hierbei brevetierte Taucher und Taucherinnen, die z. B. nach einem Einstieg in den Ferien Lust auf regelm\u00e4ssige Tauchg\u00e4nge bekommen haben.<\/p>\n\n\n\n<p>Erst einmal viel Spass beim Surfen. Vielleicht sehen wir uns ja demn\u00e4chst einmal pers\u00f6nlich bei einem Seetauchgang.<\/p>\n\n\n\n<p>Wir freuen uns und w\u00fcnschen allzeit guet Luft!<\/p>\n\n\n\n<p>TFG 66<\/p>\n\n\n\n<p>Kontakt: <a href=\"mailto:info@tfg66.ch\">info@tfg66.ch<\/a><\/p>\n\n\n\n<div class=\"wp-block-group\"><div class=\"wp-block-group__inner-container is-layout-flow wp-block-group-is-layout-flow\">\n<figure class=\"wp-block-image size-large\" id=\"wena\"><img loading=\"lazy\" decoding=\"async\" width=\"1024\" height=\"768\" src=\"https:\/\/www.tfg66.ch\/wp-content\/uploads\/2025\/01\/12666a95-860c-4e4e-a92f-f0abd8bf3a82-1024x768.jpeg\" alt=\"\" class=\"wp-image-1606\" srcset=\"https:\/\/www.tfg66.ch\/wp-content\/uploads\/2025\/01\/12666a95-860c-4e4e-a92f-f0abd8bf3a82-1024x768.jpeg 1024w, https:\/\/www.tfg66.ch\/wp-content\/uploads\/2025\/01\/12666a95-860c-4e4e-a92f-f0abd8bf3a82-300x225.jpeg 300w, https:\/\/www.tfg66.ch\/wp-content\/uploads\/2025\/01\/12666a95-860c-4e4e-a92f-f0abd8bf3a82-768x576.jpeg 768w, https:\/\/www.tfg66.ch\/wp-content\/uploads\/2025\/01\/12666a95-860c-4e4e-a92f-f0abd8bf3a82-1536x1152.jpeg 1536w, https:\/\/www.tfg66.ch\/wp-content\/uploads\/2025\/01\/12666a95-860c-4e4e-a92f-f0abd8bf3a82.jpeg 2048w\" sizes=\"auto, (max-width: 767px) 89vw, (max-width: 1000px) 54vw, (max-width: 1071px) 543px, 580px\" \/><figcaption class=\"wp-element-caption\">\u00a92025 Wena @Tischtuch Fontana    VV2025<\/figcaption><\/figure>\n\n\n\n<figure class=\"wp-block-embed is-type-video is-provider-youtube wp-block-embed-youtube wp-embed-aspect-16-9 wp-has-aspect-ratio\"><div class=\"wp-block-embed__wrapper\">\n<iframe loading=\"lazy\" hcb-fetch-image-from=\"https:\/\/youtu.be\/WQf7ZR4Nyto\" title=\"JURA Tauchgang der TFG66\" width=\"525\" height=\"295\" src=\"https:\/\/www.youtube.com\/embed\/WQf7ZR4Nyto?feature=oembed\" frameborder=\"0\" allow=\"accelerometer; autoplay; clipboard-write; encrypted-media; gyroscope; picture-in-picture; web-share\" referrerpolicy=\"strict-origin-when-cross-origin\" allowfullscreen><\/iframe>\n<\/div><figcaption class=\"wp-element-caption\">Tauchgang zu Jura: Wiederholt am 27. 03.2022.<\/figcaption><\/figure>\n\n\n\n<figure class=\"wp-block-embed is-type-video is-provider-youtube wp-block-embed-youtube wp-embed-aspect-16-9 wp-has-aspect-ratio\"><div class=\"wp-block-embed__wrapper\">\n<iframe loading=\"lazy\" hcb-fetch-image-from=\"https:\/\/youtu.be\/v5cTuNGI3pU?si=t2HzKd0hzGgaDd_L\" title=\"2024 12 | SUI Rorschach Fischzucht\" width=\"525\" height=\"295\" src=\"https:\/\/www.youtube.com\/embed\/v5cTuNGI3pU?feature=oembed\" frameborder=\"0\" allow=\"accelerometer; autoplay; clipboard-write; encrypted-media; gyroscope; picture-in-picture; web-share\" referrerpolicy=\"strict-origin-when-cross-origin\" allowfullscreen><\/iframe>\n<\/div><\/figure>\n<\/div><\/div>\n","protected":false},"excerpt":{"rendered":"<p>Willkommen auf den Internetseiten der Tauch- und Forschungsgruppe 66. Auf dieser und den folgenden Seiten wollen wir unseren kleinen aber feinen Verein und seine Aktivit\u00e4ten vorstellen. Aktuell: Jubil\u00e4um 60 Jahre TFG66. Bootstauchg\u00e4nge auf dem Vierwaldst\u00e4tter See am 27. September 2026. Und sonst: Fr\u00fchlingsputz im Rietli am 14. Februar 2026 Zu Hauptaugenmerk richtet sich&nbsp;auf unsere regelm\u00e4ssig &hellip; <\/p>\n<p class=\"link-more\"><a href=\"https:\/\/www.tfg66.ch\/\" class=\"more-link\"><span class=\"screen-reader-text\">\u201eWillkommen bei der TFG 66\u201c <\/span>weiterlesen<\/a><\/p>\n","protected":false},"author":1,"featured_media":0,"parent":0,"menu_order":0,"comment_status":"closed","ping_status":"open","template":"","meta":{"ngg_post_thumbnail":0,"footnotes":""},"class_list":["post-2","page","type-page","status-publish","hentry"],"_links":{"self":[{"href":"https:\/\/www.tfg66.ch\/index.php?rest_route=\/wp\/v2\/pages\/2","targetHints":{"allow":["GET"]}}],"collection":[{"href":"https:\/\/www.tfg66.ch\/index.php?rest_route=\/wp\/v2\/pages"}],"about":[{"href":"https:\/\/www.tfg66.ch\/index.php?rest_route=\/wp\/v2\/types\/page"}],"author":[{"embeddable":true,"href":"https:\/\/www.tfg66.ch\/index.php?rest_route=\/wp\/v2\/users\/1"}],"replies":[{"embeddable":true,"href":"https:\/\/www.tfg66.ch\/index.php?rest_route=%2Fwp%2Fv2%2Fcomments&post=2"}],"version-history":[{"count":72,"href":"https:\/\/www.tfg66.ch\/index.php?rest_route=\/wp\/v2\/pages\/2\/revisions"}],"predecessor-version":[{"id":1804,"href":"https:\/\/www.tfg66.ch\/index.php?rest_route=\/wp\/v2\/pages\/2\/revisions\/1804"}],"wp:attachment":[{"href":"https:\/\/www.tfg66.ch\/index.php?rest_route=%2Fwp%2Fv2%2Fmedia&parent=2"}],"curies":[{"name":"wp","href":"https:\/\/api.w.org\/{rel}","templated":true}]}}